{"id":1663,"date":"2020-04-21T23:59:15","date_gmt":"2020-04-21T21:59:15","guid":{"rendered":"https:\/\/g-ibs.de\/agb\/"},"modified":"2020-04-21T23:59:15","modified_gmt":"2020-04-21T21:59:15","slug":"agb","status":"publish","type":"page","link":"https:\/\/g-ibs.de\/en\/agb\/","title":{"rendered":"AGB"},"content":{"rendered":"<h3>Buchung von Seminaren und Veranstaltungen<\/h3>\n<p>Bitte beachten Sie, dass f\u00fcr Ihre Seminar- oder Veranstaltungsteilnahme die nachfolgenden allgemeinen Gesch\u00e4ftsbedingungen gelten. Im Falle abweichender Gesch\u00e4ftsbedingungen sind diese beim jeweiligen Seminar bzw. der Veranstaltung aufgef\u00fchrt. <\/p>\n<h3>1. Anmeldung<\/h3>\n<p>In der Regel erfolgt die schriftliche Anmeldung bis acht Wochen vor Seminarbeginn bei der Gesellschaft f\u00fcr Innovation, Beratung und Service mbH (G.IBS mbH). \u202fDie Anmeldungen werden in der Reihenfolge des Eingangs bearbeitet. Aufgrund begrenzter Seminarpl\u00e4tze (\u00fcblicherweise 15 Pl\u00e4tze) ist es ratsam, sich fr\u00fch anzumelden. Die Anmeldung kann online oder postalisch, in Ausnahmef\u00e4llen telefonisch erfolgen. In jedem Falle m\u00fcssen die Teilnehmenden den Anmeldebogen mit unterschriebener Kosten\u00fcbernahme des Arbeitgebers an die G.IBS mbH (per E-Mail, Fax oder per Post). Die Anmeldung wird durch schriftliche Best\u00e4tigung der G.IBS mbH rechtsverbindlich.     <\/p>\n<p>(Online-)Bucher innen k\u00f6nnen ihre auf den Abschluss des Vertrages gerichtete Willenserkl\u00e4rung innerhalb von zwei Wochen widerrufen. Dieser Widerruf muss in Schriftform erfolgen; zur Fristwahrung gen\u00fcgt die rechtzeitige Absendung des Widerrufs. <\/p>\n<h3>2. Zahlungsfrist<\/h3>\n<p>Rechnungen sind innerhalb von 14 Tagen nach Rechnungsdatum zur Zahlung f\u00e4llig.<\/p>\n<h3>3.\u202fAusfallkosten<\/h3>\n<p>K\u00f6nnen Sie an dem Seminar oder einer Veranstaltung nicht teilnehmen, so muss die Absage bei uns eingehen.<\/p>\n<p>Bei Absagen sind die in den Ausschreibungen festgelegten Fristen g\u00fcltig. Diese variieren in Abh\u00e4ngigkeit von den Stornierungsfristen der von der G.IBS mbH gebuchten Tagungsr\u00e4ume. Werden der G.IBS mbH wegen der Nichtteilnahme am Seminar oder Veranstaltung Ausfallkosten f\u00fcr Unterkunft und Verpflegung in Rechnung gestellt, so sind diese ebenfalls zu erstatten.  <\/p>\n<h3>4.\u202fAbsage von Seminaren oder Veranstaltungen<\/h3>\n<p>Die G.IBS mbH \u202fbeh\u00e4lt sich vor, Seminare oder Veranstaltungen aufgrund zu geringer Zahl von Teilnehmer*innen oder Verhinderung der Referent:innen \u2013 auch kurzfristig \u2013 abzusagen. Die Fristen f\u00fcr die Absagen seitens der G.IBS mbH sind in den Ausschreibungen festgehalten. Bereits gezahlte Betr\u00e4ge werden den Teilnehmenden ohne Abz\u00fcge erstattet.  <\/p>\n<h3>5. Datenschutz<\/h3>\n<p>Die von Ihnen \u00fcbermittelten Buchungsdaten werden ausschlie\u00dflich zu folgenden Zwecken erhoben, gespeichert und verarbeitet:<\/p>\n<ul class=\"list-normal\">\n<li>Seminar- und Veranstaltungsanmeldung und Organisation<\/li>\n<\/ul>\n<p>Bei allen Verarbeitungen von Buchungsdaten gilt die <a href=\"https:\/\/g-ibs.de\/datenschutzerklaerung\/\">Datenschutzerkl\u00e4rung<\/a> der G.IBS mbH.<\/p>\n<p>Eine Weitergabe der Daten an weitere Dritte, insbesondere auch ein Verkauf von Adressen, ist ausgeschlossen. Die Daten werden nach Abschluss der Seminarorganisation gel\u00f6scht. <\/p>\n","protected":false},"excerpt":{"rendered":"<p>Buchung von Seminaren und Veranstaltungen Bitte beachten Sie, dass f\u00fcr Ihre Seminar- oder Veranstaltungsteilnahme die nachfolgenden allgemeinen Gesch\u00e4ftsbedingungen gelten. Im Falle abweichender Gesch\u00e4ftsbedingungen sind diese beim jeweiligen Seminar bzw. der Veranstaltung aufgef\u00fchrt. [&hellip;]<\/p>\n","protected":false},"author":1,"featured_media":0,"parent":0,"menu_order":100,"comment_status":"closed","ping_status":"closed","template":"page-templates\/fullpage.php","meta":{"_acf_changed":false,"_price":"","_stock":"","_tribe_ticket_header":"","_tribe_default_ticket_provider":"","_tribe_ticket_capacity":"0","_ticket_start_date":"","_ticket_end_date":"","_tribe_ticket_show_description":"","_tribe_ticket_show_not_going":false,"_tribe_ticket_use_global_stock":"","_tribe_ticket_global_stock_level":"","_global_stock_mode":"","_global_stock_cap":"","_tribe_rsvp_for_event":"","_tribe_ticket_going_count":"","_tribe_ticket_not_going_count":"","_tribe_tickets_list":"[]","_tribe_ticket_has_attendee_info_fields":false,"footnotes":"","_tec_slr_enabled":"","_tec_slr_layout":""},"class_list":["post-1663","page","type-page","status-publish","hentry"],"acf":[],"yoast_head":"<!-- This site is optimized with the Yoast SEO plugin v27.3 - https:\/\/yoast.com\/product\/yoast-seo-wordpress\/ -->\n<title>AGB - G.IBS mbH<\/title>\n<meta name=\"robots\" content=\"noindex, nofollow\" \/>\n<meta property=\"og:locale\" content=\"en_US\" \/>\n<meta property=\"og:type\" content=\"article\" \/>\n<meta property=\"og:title\" content=\"AGB - G.IBS mbH\" \/>\n<meta property=\"og:description\" content=\"Buchung von Seminaren und Veranstaltungen Bitte beachten Sie, dass f\u00fcr Ihre Seminar- oder Veranstaltungsteilnahme die nachfolgenden allgemeinen Gesch\u00e4ftsbedingungen gelten. Im Falle abweichender Gesch\u00e4ftsbedingungen sind diese beim jeweiligen Seminar bzw. der Veranstaltung aufgef\u00fchrt. [&hellip;]\" \/>\n<meta property=\"og:url\" content=\"https:\/\/g-ibs.de\/en\/agb\/\" \/>\n<meta property=\"og:site_name\" content=\"G.IBS mbH\" \/>\n<meta name=\"twitter:card\" content=\"summary_large_image\" \/>\n<meta name=\"twitter:label1\" content=\"Est. reading time\" \/>\n\t<meta name=\"twitter:data1\" content=\"2 minutes\" \/>\n<script type=\"application\/ld+json\" class=\"yoast-schema-graph\">{\"@context\":\"https:\\\/\\\/schema.org\",\"@graph\":[{\"@type\":\"WebPage\",\"@id\":\"https:\\\/\\\/g-ibs.de\\\/en\\\/agb\\\/\",\"url\":\"https:\\\/\\\/g-ibs.de\\\/en\\\/agb\\\/\",\"name\":\"AGB - G.IBS mbH\",\"isPartOf\":{\"@id\":\"https:\\\/\\\/g-ibs.de\\\/#website\"},\"datePublished\":\"2020-04-21T21:59:15+00:00\",\"breadcrumb\":{\"@id\":\"https:\\\/\\\/g-ibs.de\\\/en\\\/agb\\\/#breadcrumb\"},\"inLanguage\":\"en-US\",\"potentialAction\":[{\"@type\":\"ReadAction\",\"target\":[\"https:\\\/\\\/g-ibs.de\\\/en\\\/agb\\\/\"]}]},{\"@type\":\"BreadcrumbList\",\"@id\":\"https:\\\/\\\/g-ibs.de\\\/en\\\/agb\\\/#breadcrumb\",\"itemListElement\":[{\"@type\":\"ListItem\",\"position\":1,\"name\":\"Home\",\"item\":\"https:\\\/\\\/g-ibs.de\\\/en\\\/\"},{\"@type\":\"ListItem\",\"position\":2,\"name\":\"AGB\"}]},{\"@type\":\"WebSite\",\"@id\":\"https:\\\/\\\/g-ibs.de\\\/#website\",\"url\":\"https:\\\/\\\/g-ibs.de\\\/\",\"name\":\"G.IBS mbH\",\"description\":\"Wir beraten Betriebs- und Personalr\u00e4te\",\"publisher\":{\"@id\":\"https:\\\/\\\/g-ibs.de\\\/#organization\"},\"potentialAction\":[{\"@type\":\"SearchAction\",\"target\":{\"@type\":\"EntryPoint\",\"urlTemplate\":\"https:\\\/\\\/g-ibs.de\\\/?s={search_term_string}\"},\"query-input\":{\"@type\":\"PropertyValueSpecification\",\"valueRequired\":true,\"valueName\":\"search_term_string\"}}],\"inLanguage\":\"en-US\"},{\"@type\":\"Organization\",\"@id\":\"https:\\\/\\\/g-ibs.de\\\/#organization\",\"name\":\"Gesellschaft f\u00fcr Innovation, Beratung und Service mbH\",\"url\":\"https:\\\/\\\/g-ibs.de\\\/\",\"logo\":{\"@type\":\"ImageObject\",\"inLanguage\":\"en-US\",\"@id\":\"https:\\\/\\\/g-ibs.de\\\/#\\\/schema\\\/logo\\\/image\\\/\",\"url\":\"https:\\\/\\\/g-ibs.de\\\/wp-content\\\/uploads\\\/2020\\\/06\\\/gibs_logo.jpg\",\"contentUrl\":\"https:\\\/\\\/g-ibs.de\\\/wp-content\\\/uploads\\\/2020\\\/06\\\/gibs_logo.jpg\",\"width\":1181,\"height\":709,\"caption\":\"Gesellschaft f\u00fcr Innovation, Beratung und Service mbH\"},\"image\":{\"@id\":\"https:\\\/\\\/g-ibs.de\\\/#\\\/schema\\\/logo\\\/image\\\/\"}}]}<\/script>\n<!-- \/ Yoast SEO plugin. -->","yoast_head_json":{"title":"AGB - G.IBS mbH","robots":{"index":"noindex","follow":"nofollow"},"og_locale":"en_US","og_type":"article","og_title":"AGB - G.IBS mbH","og_description":"Buchung von Seminaren und Veranstaltungen Bitte beachten Sie, dass f\u00fcr Ihre Seminar- oder Veranstaltungsteilnahme die nachfolgenden allgemeinen Gesch\u00e4ftsbedingungen gelten. Im Falle abweichender Gesch\u00e4ftsbedingungen sind diese beim jeweiligen Seminar bzw. der Veranstaltung aufgef\u00fchrt. [&hellip;]","og_url":"https:\/\/g-ibs.de\/en\/agb\/","og_site_name":"G.IBS mbH","twitter_card":"summary_large_image","twitter_misc":{"Est. reading time":"2 minutes"},"schema":{"@context":"https:\/\/schema.org","@graph":[{"@type":"WebPage","@id":"https:\/\/g-ibs.de\/en\/agb\/","url":"https:\/\/g-ibs.de\/en\/agb\/","name":"AGB - G.IBS mbH","isPartOf":{"@id":"https:\/\/g-ibs.de\/#website"},"datePublished":"2020-04-21T21:59:15+00:00","breadcrumb":{"@id":"https:\/\/g-ibs.de\/en\/agb\/#breadcrumb"},"inLanguage":"en-US","potentialAction":[{"@type":"ReadAction","target":["https:\/\/g-ibs.de\/en\/agb\/"]}]},{"@type":"BreadcrumbList","@id":"https:\/\/g-ibs.de\/en\/agb\/#breadcrumb","itemListElement":[{"@type":"ListItem","position":1,"name":"Home","item":"https:\/\/g-ibs.de\/en\/"},{"@type":"ListItem","position":2,"name":"AGB"}]},{"@type":"WebSite","@id":"https:\/\/g-ibs.de\/#website","url":"https:\/\/g-ibs.de\/","name":"G.IBS mbH","description":"Wir beraten Betriebs- und Personalr\u00e4te","publisher":{"@id":"https:\/\/g-ibs.de\/#organization"},"potentialAction":[{"@type":"SearchAction","target":{"@type":"EntryPoint","urlTemplate":"https:\/\/g-ibs.de\/?s={search_term_string}"},"query-input":{"@type":"PropertyValueSpecification","valueRequired":true,"valueName":"search_term_string"}}],"inLanguage":"en-US"},{"@type":"Organization","@id":"https:\/\/g-ibs.de\/#organization","name":"Gesellschaft f\u00fcr Innovation, Beratung und Service mbH","url":"https:\/\/g-ibs.de\/","logo":{"@type":"ImageObject","inLanguage":"en-US","@id":"https:\/\/g-ibs.de\/#\/schema\/logo\/image\/","url":"https:\/\/g-ibs.de\/wp-content\/uploads\/2020\/06\/gibs_logo.jpg","contentUrl":"https:\/\/g-ibs.de\/wp-content\/uploads\/2020\/06\/gibs_logo.jpg","width":1181,"height":709,"caption":"Gesellschaft f\u00fcr Innovation, Beratung und Service mbH"},"image":{"@id":"https:\/\/g-ibs.de\/#\/schema\/logo\/image\/"}}]}},"ticketed":false,"_links":{"self":[{"href":"https:\/\/g-ibs.de\/en\/wp-json\/wp\/v2\/pages\/1663","targetHints":{"allow":["GET"]}}],"collection":[{"href":"https:\/\/g-ibs.de\/en\/wp-json\/wp\/v2\/pages"}],"about":[{"href":"https:\/\/g-ibs.de\/en\/wp-json\/wp\/v2\/types\/page"}],"author":[{"embeddable":true,"href":"https:\/\/g-ibs.de\/en\/wp-json\/wp\/v2\/users\/1"}],"replies":[{"embeddable":true,"href":"https:\/\/g-ibs.de\/en\/wp-json\/wp\/v2\/comments?post=1663"}],"version-history":[{"count":0,"href":"https:\/\/g-ibs.de\/en\/wp-json\/wp\/v2\/pages\/1663\/revisions"}],"wp:attachment":[{"href":"https:\/\/g-ibs.de\/en\/wp-json\/wp\/v2\/media?parent=1663"}],"curies":[{"name":"wp","href":"https:\/\/api.w.org\/{rel}","templated":true}]}}